{"id":22,"date":"2020-09-05T12:35:03","date_gmt":"2020-09-05T11:35:03","guid":{"rendered":"http:\/\/msgaide.univ-batna.dz\/?page_id=22"},"modified":"2021-07-28T12:13:19","modified_gmt":"2021-07-28T11:13:19","slug":"acceuil","status":"publish","type":"page","link":"https:\/\/msgaide.univ-batna.dz\/","title":{"rendered":"Acceuil"},"content":{"rendered":"\t\t<div data-elementor-type=\"wp-page\" data-elementor-id=\"22\" class=\"elementor elementor-22\">\n\t\t\t\t\t\t<div class=\"elementor-inner\">\n\t\t\t\t<div class=\"elementor-section-wrap\">\n\t\t\t\t\t\t\t\t\t<section class=\"elementor-section elementor-top-section elementor-element elementor-element-eeb9175 elementor-section-boxed elementor-section-height-default elementor-section-height-default\" data-id=\"eeb9175\" data-element_type=\"section\">\n\t\t\t\t\t\t<div class=\"elementor-container elementor-column-gap-default\">\n\t\t\t\t\t\t\t<div class=\"elementor-row\">\n\t\t\t\t\t<div class=\"elementor-column elementor-col-100 elementor-top-column elementor-element elementor-element-2282aa2\" data-id=\"2282aa2\" data-element_type=\"column\">\n\t\t\t<div class=\"elementor-column-wrap elementor-element-populated\">\n\t\t\t\t\t\t\t<div class=\"elementor-widget-wrap\">\n\t\t\t\t\t\t<div class=\"elementor-element elementor-element-37b74c3 elementor-widget elementor-widget-image\" data-id=\"37b74c3\" data-element_type=\"widget\" data-widget_type=\"image.default\">\n\t\t\t\t<div class=\"elementor-widget-container\">\n\t\t\t\t\t\t\t\t<div class=\"elementor-image\">\n\t\t\t\t\t\t\t\t\t\t\t\t<img width=\"900\" height=\"300\" src=\"https:\/\/msgaide.univ-batna.dz\/wp-content\/uploads\/2020\/09\/slidemail-1.gif\" class=\"attachment-full size-full wp-image-97\" alt=\"\" loading=\"lazy\" \/>\t\t\t\t\t\t\t\t\t\t\t\t\t\t<\/div>\n\t\t\t\t\t\t<\/div>\n\t\t\t\t<\/div>\n\t\t\t\t\t\t<\/div>\n\t\t\t\t\t<\/div>\n\t\t<\/div>\n\t\t\t\t\t\t\t\t<\/div>\n\t\t\t\t\t<\/div>\n\t\t<\/section>\n\t\t\t\t<section class=\"elementor-section elementor-top-section elementor-element elementor-element-2c32ed8 elementor-section-boxed elementor-section-height-default elementor-section-height-default\" data-id=\"2c32ed8\" data-element_type=\"section\">\n\t\t\t\t\t\t<div class=\"elementor-container elementor-column-gap-default\">\n\t\t\t\t\t\t\t<div class=\"elementor-row\">\n\t\t\t\t\t<div class=\"elementor-column elementor-col-100 elementor-top-column elementor-element elementor-element-6cf94c4\" data-id=\"6cf94c4\" data-element_type=\"column\">\n\t\t\t<div class=\"elementor-column-wrap elementor-element-populated\">\n\t\t\t\t\t\t\t<div class=\"elementor-widget-wrap\">\n\t\t\t\t\t\t<div class=\"elementor-element elementor-element-85ecef2 elementor-widget-divider--view-line elementor-widget elementor-widget-divider\" data-id=\"85ecef2\" data-element_type=\"widget\" data-widget_type=\"divider.default\">\n\t\t\t\t<div class=\"elementor-widget-container\">\n\t\t\t\t\t<div class=\"elementor-divider\">\n\t\t\t<span class=\"elementor-divider-separator\">\n\t\t\t\t\t\t<\/span>\n\t\t<\/div>\n\t\t\t\t<\/div>\n\t\t\t\t<\/div>\n\t\t\t\t<div class=\"elementor-element elementor-element-a1be6d0 elementor-widget elementor-widget-text-editor\" data-id=\"a1be6d0\" data-element_type=\"widget\" data-widget_type=\"text-editor.default\">\n\t\t\t\t<div class=\"elementor-widget-container\">\n\t\t\t\t\t\t\t\t<div class=\"elementor-text-editor elementor-clearfix\">\n\t\t\t\t<h1 style=\"text-align: center;\"><span style=\"color: #ff0000;\"><strong>\u062a\u0645 \u0625\u0646\u0634\u0627\u0621 \u0647\u0630\u0627 \u0627\u0644\u0645\u0648\u0642\u0639 \u0645\u0646 \u0637\u0631\u0641 \u0645\u0631\u0643\u0632 \u0627\u0644\u0634\u0628\u0643\u0627\u062a \u0644\u0644\u0625\u062c\u0627\u0628\u0629 \u0639\u0644\u0649 \u0627\u0644\u0623\u0633\u0626\u0644\u0629 \u0648\u0627\u0644\u0637\u0644\u0628\u0627\u062a\u00a0 \u0641\u064a\u0645\u0627 \u064a\u062a\u0639\u0644\u0642 \u0628\u0639\u0646\u0627\u0648\u064a\u0646 \u0627\u0644\u0628\u0631\u064a\u062f \u0627\u0644\u0625\u0644\u0643\u062a\u0631\u0648\u0646\u064a<\/strong><\/span><\/h1>\t\t\t\t\t<\/div>\n\t\t\t\t\t\t<\/div>\n\t\t\t\t<\/div>\n\t\t\t\t<div class=\"elementor-element elementor-element-de0b9cf elementor-widget elementor-widget-text-editor\" data-id=\"de0b9cf\" data-element_type=\"widget\" data-widget_type=\"text-editor.default\">\n\t\t\t\t<div class=\"elementor-widget-container\">\n\t\t\t\t\t\t\t\t<div class=\"elementor-text-editor elementor-clearfix\">\n\t\t\t\t<p>Ce site a \u00e9t\u00e9 cr\u00e9\u00e9 par le centre des r\u00e9seaux pour r\u00e9pondre aux interrogations et requ\u00eates de la communaut\u00e9 universitaire concernant la suite d\u2019outils et de logiciels de productivit\u00e9 activ\u00e9e dans notre domaine (Univ-Batna.dz) qui est <strong><span style=\"text-decoration: underline;\">G-Suite <\/span><\/strong>(anciennement\u00a0Google Apps\u00a0 puis\u00a0Google Apps for Work).<br \/>La suite inclut les\u00a0<a title=\"Application web\" href=\"https:\/\/fr.wikipedia.org\/wiki\/Application_web\" target=\"_blank\" rel=\"noopener\" data-saferedirecturl=\"https:\/\/www.google.com\/url?q=https:\/\/fr.wikipedia.org\/wiki\/Application_web&amp;source=gmail&amp;ust=1599574905773000&amp;usg=AFQjCNFuja-A28UMGLV-4JKyKl8rkhMZGw\">applications Web<\/a>\u00a0de Google les plus courantes, comme\u00a0<a title=\"Gmail\" href=\"https:\/\/fr.wikipedia.org\/wiki\/Gmail\" target=\"_blank\" rel=\"noopener\" data-saferedirecturl=\"https:\/\/www.google.com\/url?q=https:\/\/fr.wikipedia.org\/wiki\/Gmail&amp;source=gmail&amp;ust=1599574905773000&amp;usg=AFQjCNE5JOkUObK46Jqc8SaPhl5Gxdw5MQ\">Gmail<\/a>,\u00a0<a title=\"Google Hangouts\" href=\"https:\/\/fr.wikipedia.org\/wiki\/Google_Hangouts\" target=\"_blank\" rel=\"noopener\" data-saferedirecturl=\"https:\/\/www.google.com\/url?q=https:\/\/fr.wikipedia.org\/wiki\/Google_Hangouts&amp;source=gmail&amp;ust=1599574905773000&amp;usg=AFQjCNEaMqvMb1xRtFyNtsSE9Temt84vjg\">Google Meet<\/a>,\u00a0<a title=\"Google Agenda\" href=\"https:\/\/fr.wikipedia.org\/wiki\/Google_Agenda\" target=\"_blank\" rel=\"noopener\" data-saferedirecturl=\"https:\/\/www.google.com\/url?q=https:\/\/fr.wikipedia.org\/wiki\/Google_Agenda&amp;source=gmail&amp;ust=1599574905773000&amp;usg=AFQjCNG-VRnoUYgDtUaJyC6jwtdhWyLweA\">Google Agenda<\/a>,\u00a0<a title=\"Google+\" href=\"https:\/\/fr.wikipedia.org\/wiki\/Google%2B\" target=\"_blank\" rel=\"noopener\" data-saferedirecturl=\"https:\/\/www.google.com\/url?q=https:\/\/fr.wikipedia.org\/wiki\/Google%252B&amp;source=gmail&amp;ust=1599574905774000&amp;usg=AFQjCNEwTWcMnPlp8DOqGl61yZTBnutKzQ\">Google+<\/a>,\u00a0<a title=\"Google Drive\" href=\"https:\/\/fr.wikipedia.org\/wiki\/Google_Drive\" target=\"_blank\" rel=\"noopener\" data-saferedirecturl=\"https:\/\/www.google.com\/url?q=https:\/\/fr.wikipedia.org\/wiki\/Google_Drive&amp;source=gmail&amp;ust=1599574905774000&amp;usg=AFQjCNHQQV1AEwOhPWGELOBSLDnP5gdaeQ\">Google Drive<\/a>,\u00a0<a title=\"Google Docs, Sheets, Slides et Forms\" href=\"https:\/\/fr.wikipedia.org\/wiki\/Google_Docs,_Sheets,_Slides_et_Forms\" target=\"_blank\" rel=\"noopener\" data-saferedirecturl=\"https:\/\/www.google.com\/url?q=https:\/\/fr.wikipedia.org\/wiki\/Google_Docs,_Sheets,_Slides_et_Forms&amp;source=gmail&amp;ust=1599574905774000&amp;usg=AFQjCNGA5wK1m9G86SMCzFVPJvc_0eF1pA\">Google Docs, Sheets, Slides, Forms<\/a>\u00a0&amp;\u00a0<a title=\"Google Sites\" href=\"https:\/\/fr.wikipedia.org\/wiki\/Google_Sites\" target=\"_blank\" rel=\"noopener\" data-saferedirecturl=\"https:\/\/www.google.com\/url?q=https:\/\/fr.wikipedia.org\/wiki\/Google_Sites&amp;source=gmail&amp;ust=1599574905774000&amp;usg=AFQjCNECgf9zUUGLjLRP2xlp8Va9tHyNrw\">Google Sites<\/a><sup id=\"m_-3221567481670822184gmail-cite_ref-increased_storage_1-0\"><a href=\"https:\/\/fr.wikipedia.org\/wiki\/G_Suite#cite_note-increased_storage-1\" target=\"_blank\" rel=\"noopener\" data-saferedirecturl=\"https:\/\/www.google.com\/url?q=https:\/\/fr.wikipedia.org\/wiki\/G_Suite%23cite_note-increased_storage-1&amp;source=gmail&amp;ust=1599574905774000&amp;usg=AFQjCNHqzLaYSPrJrpMtV7oKJavoeEcrwQ\">1<\/a><\/sup>. <br \/><span style=\"text-decoration: underline;\"><strong>G-Suite<\/strong><\/span> inclut des fonctionnalit\u00e9s r\u00e9pondant aux besoins des entreprises, comme les adresses de\u00a0<a title=\"Courrier \u00e9lectronique\" href=\"https:\/\/fr.wikipedia.org\/wiki\/Courrier_%C3%A9lectronique\" target=\"_blank\" rel=\"noopener\" data-saferedirecturl=\"https:\/\/www.google.com\/url?q=https:\/\/fr.wikipedia.org\/wiki\/Courrier_%25C3%25A9lectronique&amp;source=gmail&amp;ust=1599574905774000&amp;usg=AFQjCNFy9wQ5Afod3xyO4qzmGwtBlZJusg\">courrier \u00e9lectronique<\/a>\u00a0personnalis\u00e9es (@Univ-batna.dz), un espace de stockage pour les documents et les e-mails.<\/p>\t\t\t\t\t<\/div>\n\t\t\t\t\t\t<\/div>\n\t\t\t\t<\/div>\n\t\t\t\t<div class=\"elementor-element elementor-element-3abdd9a elementor-widget-divider--view-line elementor-widget elementor-widget-divider\" data-id=\"3abdd9a\" data-element_type=\"widget\" data-widget_type=\"divider.default\">\n\t\t\t\t<div class=\"elementor-widget-container\">\n\t\t\t\t\t<div class=\"elementor-divider\">\n\t\t\t<span class=\"elementor-divider-separator\">\n\t\t\t\t\t\t<\/span>\n\t\t<\/div>\n\t\t\t\t<\/div>\n\t\t\t\t<\/div>\n\t\t\t\t\t\t<\/div>\n\t\t\t\t\t<\/div>\n\t\t<\/div>\n\t\t\t\t\t\t\t\t<\/div>\n\t\t\t\t\t<\/div>\n\t\t<\/section>\n\t\t\t\t<section class=\"elementor-section elementor-top-section elementor-element elementor-element-7d6d321 elementor-section-boxed elementor-section-height-default elementor-section-height-default\" data-id=\"7d6d321\" data-element_type=\"section\" data-settings=\"{&quot;background_background&quot;:&quot;classic&quot;}\">\n\t\t\t\t\t\t<div class=\"elementor-container elementor-column-gap-default\">\n\t\t\t\t\t\t\t<div class=\"elementor-row\">\n\t\t\t\t\t<div class=\"elementor-column elementor-col-33 elementor-top-column elementor-element elementor-element-4866484\" data-id=\"4866484\" data-element_type=\"column\">\n\t\t\t<div class=\"elementor-column-wrap elementor-element-populated\">\n\t\t\t\t\t\t\t<div class=\"elementor-widget-wrap\">\n\t\t\t\t\t\t<div class=\"elementor-element elementor-element-2ad7ee2 elementor-widget elementor-widget-image\" data-id=\"2ad7ee2\" data-element_type=\"widget\" data-widget_type=\"image.default\">\n\t\t\t\t<div class=\"elementor-widget-container\">\n\t\t\t\t\t\t\t\t<div class=\"elementor-image\">\n\t\t\t\t\t\t\t\t\t\t\t\t\t<a href=\"http:\/\/mail.univ-batna.dz\">\n\t\t\t\t\t\t\t<img src=\"https:\/\/msgaide.univ-batna.dz\/wp-content\/uploads\/2021\/02\/acces_ar.gif\" title=\"acces_ar\" alt=\"acces_ar\" loading=\"lazy\" \/>\t\t\t\t\t\t\t\t<\/a>\n\t\t\t\t\t\t\t\t\t\t\t\t\t\t<\/div>\n\t\t\t\t\t\t<\/div>\n\t\t\t\t<\/div>\n\t\t\t\t<div class=\"elementor-element elementor-element-cada14a elementor-widget elementor-widget-image\" data-id=\"cada14a\" data-element_type=\"widget\" data-widget_type=\"image.default\">\n\t\t\t\t<div class=\"elementor-widget-container\">\n\t\t\t\t\t\t\t\t<div class=\"elementor-image\">\n\t\t\t\t\t\t\t\t\t\t\t\t\t<a href=\"http:\/\/mail.univ-batna.dz\">\n\t\t\t\t\t\t\t<img width=\"250\" height=\"220\" src=\"https:\/\/msgaide.univ-batna.dz\/wp-content\/uploads\/2020\/09\/login.gif\" class=\"attachment-large size-large wp-image-50\" alt=\"\" loading=\"lazy\" \/>\t\t\t\t\t\t\t\t<\/a>\n\t\t\t\t\t\t\t\t\t\t\t\t\t\t<\/div>\n\t\t\t\t\t\t<\/div>\n\t\t\t\t<\/div>\n\t\t\t\t<div class=\"elementor-element elementor-element-d34b576 elementor-widget elementor-widget-image\" data-id=\"d34b576\" data-element_type=\"widget\" data-widget_type=\"image.default\">\n\t\t\t\t<div class=\"elementor-widget-container\">\n\t\t\t\t\t\t\t\t<div class=\"elementor-image\">\n\t\t\t\t\t\t\t\t\t\t\t\t\t<a href=\"http:\/\/mail.univ-batna.dz\">\n\t\t\t\t\t\t\t<img src=\"https:\/\/msgaide.univ-batna.dz\/wp-content\/uploads\/2021\/02\/acces_fr.gif\" title=\"acces_fr\" alt=\"acces_fr\" loading=\"lazy\" \/>\t\t\t\t\t\t\t\t<\/a>\n\t\t\t\t\t\t\t\t\t\t\t\t\t\t<\/div>\n\t\t\t\t\t\t<\/div>\n\t\t\t\t<\/div>\n\t\t\t\t\t\t<\/div>\n\t\t\t\t\t<\/div>\n\t\t<\/div>\n\t\t\t\t<div class=\"elementor-column elementor-col-33 elementor-top-column elementor-element elementor-element-174ce27\" data-id=\"174ce27\" data-element_type=\"column\">\n\t\t\t<div class=\"elementor-column-wrap elementor-element-populated\">\n\t\t\t\t\t\t\t<div class=\"elementor-widget-wrap\">\n\t\t\t\t\t\t<div class=\"elementor-element elementor-element-df8cc79 elementor-widget elementor-widget-image\" data-id=\"df8cc79\" data-element_type=\"widget\" data-widget_type=\"image.default\">\n\t\t\t\t<div class=\"elementor-widget-container\">\n\t\t\t\t\t\t\t\t<div class=\"elementor-image\">\n\t\t\t\t\t\t\t\t\t\t\t\t\t<a href=\"https:\/\/forms.gle\/sM9MyBHQ5ajP9pKF6\">\n\t\t\t\t\t\t\t<img src=\"https:\/\/msgaide.univ-batna.dz\/wp-content\/uploads\/2021\/02\/nouveau_ar.gif\" title=\"nouveau_ar\" alt=\"nouveau_ar\" loading=\"lazy\" \/>\t\t\t\t\t\t\t\t<\/a>\n\t\t\t\t\t\t\t\t\t\t\t\t\t\t<\/div>\n\t\t\t\t\t\t<\/div>\n\t\t\t\t<\/div>\n\t\t\t\t<div class=\"elementor-element elementor-element-bdd718f elementor-widget elementor-widget-image\" data-id=\"bdd718f\" data-element_type=\"widget\" data-widget_type=\"image.default\">\n\t\t\t\t<div class=\"elementor-widget-container\">\n\t\t\t\t\t\t\t\t<div class=\"elementor-image\">\n\t\t\t\t\t\t\t\t\t\t\t\t\t<a href=\"https:\/\/forms.gle\/sM9MyBHQ5ajP9pKF6\">\n\t\t\t\t\t\t\t<img width=\"250\" height=\"220\" src=\"https:\/\/msgaide.univ-batna.dz\/wp-content\/uploads\/2020\/09\/nouveau-1.gif\" class=\"attachment-large size-large wp-image-117\" alt=\"\" loading=\"lazy\" \/>\t\t\t\t\t\t\t\t<\/a>\n\t\t\t\t\t\t\t\t\t\t\t\t\t\t<\/div>\n\t\t\t\t\t\t<\/div>\n\t\t\t\t<\/div>\n\t\t\t\t<div class=\"elementor-element elementor-element-6e41dc9 elementor-widget elementor-widget-image\" data-id=\"6e41dc9\" data-element_type=\"widget\" data-widget_type=\"image.default\">\n\t\t\t\t<div class=\"elementor-widget-container\">\n\t\t\t\t\t\t\t\t<div class=\"elementor-image\">\n\t\t\t\t\t\t\t\t\t\t\t\t\t<a href=\"https:\/\/forms.gle\/sM9MyBHQ5ajP9pKF6\">\n\t\t\t\t\t\t\t<img src=\"https:\/\/msgaide.univ-batna.dz\/wp-content\/uploads\/2021\/02\/nouveau_fr.gif\" title=\"nouveau_fr\" alt=\"nouveau_fr\" loading=\"lazy\" \/>\t\t\t\t\t\t\t\t<\/a>\n\t\t\t\t\t\t\t\t\t\t\t\t\t\t<\/div>\n\t\t\t\t\t\t<\/div>\n\t\t\t\t<\/div>\n\t\t\t\t\t\t<\/div>\n\t\t\t\t\t<\/div>\n\t\t<\/div>\n\t\t\t\t<div class=\"elementor-column elementor-col-33 elementor-top-column elementor-element elementor-element-97aaa6e\" data-id=\"97aaa6e\" data-element_type=\"column\">\n\t\t\t<div class=\"elementor-column-wrap elementor-element-populated\">\n\t\t\t\t\t\t\t<div class=\"elementor-widget-wrap\">\n\t\t\t\t\t\t<div class=\"elementor-element elementor-element-31668ce elementor-widget elementor-widget-image\" data-id=\"31668ce\" data-element_type=\"widget\" data-widget_type=\"image.default\">\n\t\t\t\t<div class=\"elementor-widget-container\">\n\t\t\t\t\t\t\t\t<div class=\"elementor-image\">\n\t\t\t\t\t\t\t\t\t\t\t\t\t<a href=\"https:\/\/forms.gle\/fDtN3ERCQAEzJXtp9\" target=\"_blank\">\n\t\t\t\t\t\t\t<img src=\"https:\/\/msgaide.univ-batna.dz\/wp-content\/uploads\/2021\/02\/besoinaide_arabe.gif\" title=\"besoinaide_arabe\" alt=\"besoinaide_arabe\" loading=\"lazy\" \/>\t\t\t\t\t\t\t\t<\/a>\n\t\t\t\t\t\t\t\t\t\t\t\t\t\t<\/div>\n\t\t\t\t\t\t<\/div>\n\t\t\t\t<\/div>\n\t\t\t\t<div class=\"elementor-element elementor-element-6f21f98 elementor-widget elementor-widget-image\" data-id=\"6f21f98\" data-element_type=\"widget\" data-widget_type=\"image.default\">\n\t\t\t\t<div class=\"elementor-widget-container\">\n\t\t\t\t\t\t\t\t<div class=\"elementor-image\">\n\t\t\t\t\t\t\t\t\t\t\t\t\t<a href=\"https:\/\/forms.gle\/fDtN3ERCQAEzJXtp9\" target=\"_blank\">\n\t\t\t\t\t\t\t<img width=\"250\" height=\"220\" src=\"https:\/\/msgaide.univ-batna.dz\/wp-content\/uploads\/2020\/09\/besoin_aide.gif\" class=\"attachment-large size-large wp-image-47\" alt=\"\" loading=\"lazy\" \/>\t\t\t\t\t\t\t\t<\/a>\n\t\t\t\t\t\t\t\t\t\t\t\t\t\t<\/div>\n\t\t\t\t\t\t<\/div>\n\t\t\t\t<\/div>\n\t\t\t\t<div class=\"elementor-element elementor-element-2ef6aa9 elementor-widget elementor-widget-image\" data-id=\"2ef6aa9\" data-element_type=\"widget\" data-widget_type=\"image.default\">\n\t\t\t\t<div class=\"elementor-widget-container\">\n\t\t\t\t\t\t\t\t<div class=\"elementor-image\">\n\t\t\t\t\t\t\t\t\t\t\t\t\t<a href=\"https:\/\/forms.gle\/fDtN3ERCQAEzJXtp9\" target=\"_blank\">\n\t\t\t\t\t\t\t<img src=\"https:\/\/msgaide.univ-batna.dz\/wp-content\/uploads\/2021\/02\/besoinaide_fr.gif\" title=\"besoinaide_fr\" alt=\"besoinaide_fr\" loading=\"lazy\" \/>\t\t\t\t\t\t\t\t<\/a>\n\t\t\t\t\t\t\t\t\t\t\t\t\t\t<\/div>\n\t\t\t\t\t\t<\/div>\n\t\t\t\t<\/div>\n\t\t\t\t\t\t<\/div>\n\t\t\t\t\t<\/div>\n\t\t<\/div>\n\t\t\t\t\t\t\t\t<\/div>\n\t\t\t\t\t<\/div>\n\t\t<\/section>\n\t\t\t\t\t\t\t\t\t<\/div>\n\t\t\t<\/div>\n\t\t\t\t\t<\/div>\n\t\t","protected":false},"excerpt":{"rendered":"<p>\u062a\u0645 \u0625\u0646\u0634\u0627\u0621 \u0647\u0630\u0627 \u0627\u0644\u0645\u0648\u0642\u0639 \u0645\u0646 \u0637\u0631\u0641 \u0645\u0631\u0643\u0632 \u0627\u0644\u0634\u0628\u0643\u0627\u062a \u0644\u0644\u0625\u062c\u0627\u0628\u0629 \u0639\u0644\u0649 \u0627\u0644\u0623\u0633\u0626\u0644\u0629 \u0648\u0627\u0644\u0637\u0644\u0628\u0627\u062a\u00a0 \u0641\u064a\u0645\u0627 \u064a\u062a\u0639\u0644\u0642 \u0628\u0639\u0646\u0627\u0648\u064a\u0646 \u0627\u0644\u0628\u0631\u064a\u062f \u0627\u0644\u0625\u0644\u0643\u062a\u0631\u0648\u0646\u064a Ce site a \u00e9t\u00e9 cr\u00e9\u00e9 par le centre des r\u00e9seaux pour r\u00e9pondre aux interrogations et requ\u00eates de la communaut\u00e9 universitaire concernant la suite d\u2019outils et de logiciels de productivit\u00e9 activ\u00e9e dans notre domaine (Univ-Batna.dz) qui est G-Suite (anciennement\u00a0Google [&hellip;]<\/p>\n","protected":false},"author":1,"featured_media":0,"parent":0,"menu_order":0,"comment_status":"closed","ping_status":"closed","template":"","meta":[],"_links":{"self":[{"href":"https:\/\/msgaide.univ-batna.dz\/index.php?rest_route=\/wp\/v2\/pages\/22"}],"collection":[{"href":"https:\/\/msgaide.univ-batna.dz\/index.php?rest_route=\/wp\/v2\/pages"}],"about":[{"href":"https:\/\/msgaide.univ-batna.dz\/index.php?rest_route=\/wp\/v2\/types\/page"}],"author":[{"embeddable":true,"href":"https:\/\/msgaide.univ-batna.dz\/index.php?rest_route=\/wp\/v2\/users\/1"}],"replies":[{"embeddable":true,"href":"https:\/\/msgaide.univ-batna.dz\/index.php?rest_route=%2Fwp%2Fv2%2Fcomments&post=22"}],"version-history":[{"count":113,"href":"https:\/\/msgaide.univ-batna.dz\/index.php?rest_route=\/wp\/v2\/pages\/22\/revisions"}],"predecessor-version":[{"id":220,"href":"https:\/\/msgaide.univ-batna.dz\/index.php?rest_route=\/wp\/v2\/pages\/22\/revisions\/220"}],"wp:attachment":[{"href":"https:\/\/msgaide.univ-batna.dz\/index.php?rest_route=%2Fwp%2Fv2%2Fmedia&parent=22"}],"curies":[{"name":"wp","href":"https:\/\/api.w.org\/{rel}","templated":true}]}}